{"id":15,"date":"2020-10-20T13:27:52","date_gmt":"2020-10-20T13:27:52","guid":{"rendered":"https:\/\/rehturn-to-paradise.de\/index.php\/agb\/"},"modified":"2021-02-26T07:27:06","modified_gmt":"2021-02-26T07:27:06","slug":"agb","status":"publish","type":"page","link":"https:\/\/rehturn-to-paradise.de\/index.php\/agb\/","title":{"rendered":"AGB"},"content":{"rendered":"<div class=\"fusion-fullwidth fullwidth-box fusion-builder-row-1 fusion-flex-container nonhundred-percent-fullwidth non-hundred-percent-height-scrolling\" style=\"background-color: #5f6163;background-position: center center;background-repeat: no-repeat;border-width: 0px 0px 0px 0px;border-color:#25292b;border-style:solid;\" ><div class=\"fusion-builder-row fusion-row fusion-flex-align-items-flex-start\" style=\"max-width:1216.8px;margin-left: calc(-4% \/ 2 );margin-right: calc(-4% \/ 2 );\"><div class=\"fusion-layout-column fusion_builder_column fusion-builder-column-0 fusion_builder_column_1_1 1_1 fusion-flex-column\"><div class=\"fusion-column-wrapper fusion-flex-justify-content-flex-start fusion-content-layout-column\" style=\"background-position:left top;background-repeat:no-repeat;-webkit-background-size:cover;-moz-background-size:cover;-o-background-size:cover;background-size:cover;padding: 0px 0px 0px 0px;\"><style type=\"text\/css\">@media only screen and (max-width:1100px) {.fusion-title.fusion-title-1{margin-top:0px!important;margin-bottom:30px!important;}}<\/style><div class=\"fusion-title title fusion-title-1 sep-underline sep-solid fusion-title-text fusion-title-size-three\" style=\"border-bottom-color:#dba4c8;margin-top:0px;margin-bottom:30px;\"><h3 class=\"title-heading-left\" style=\"margin:0;\">ALLGEMEINE GESCH\u00c4FTSBEDINGUNGEN<\/h3><\/div><div class=\"fusion-text fusion-text-1\" style=\"line-height:1.5;color:#ffffff;transform:translate3d(0,0,0);\"><div>\n<p>Allgemeine Verkaufsbedingungen<br \/>\n\u00a7 1 Angebot und Vertragsabschluss<br \/>\nAlle Lieferungen und Leistungen sowie die Herstellung von Gegenst\u00e4nden von<br \/>\nChristin Beck unterliegen diesen allgemeinen Verkaufsbedingungen.<br \/>\nIhre Anfrage an uns stellt ein Angebot zum Abschluss eines Vertrages dar. Erst durch<br \/>\ndie Best\u00e4tigung unsererseits kommt ein Angebot zustande.<br \/>\n\u00a7 2 \u00dcberlassene Unterlagen<br \/>\nWir behalten uns das Eigentum- und Urheberrecht an allen \u00fcberlassenen Unterlagen<br \/>\nwie z.B. Zeichnungen, die aufgrund der Auftragserteilung dem Besteller \u00fcberlassen<br \/>\nwerden, vor.<br \/>\n\u00a7 3 Preise, Zahlung, Eigentumsvorbehalt<br \/>\n1. Alle angegebenen Preise sind Endpreise und enthalten die gesetzliche<br \/>\nMehrwertsteuer. Liefer- und Versandkosten sind in den angegebenen Preisen nicht<br \/>\nenthalten.<br \/>\n2. Der Kaufpreis ist ausschlie\u00dflich auf das in der Rechnung angegebene Konto zu<br \/>\n\u00fcberweisen. Ein Abzug von Skonto ist nur bei einer gesonderten schriftlichen<br \/>\nVereinbarung m\u00f6glich.<br \/>\n3. Der Kaufpreis ist innerhalb von 30 Tagen nach Rechnungserhalt zu zahlen, sofern<br \/>\nnichts anderes vereinbart wurde. Verzugszinsen werden in H\u00f6he von 5 % \u00fcber dem<br \/>\njeweiligen Basiszinssatz pro Jahr berechnet.<br \/>\n4. Bis zur vollst\u00e4ndigen Bezahlung bleibt das jeweils zu liefernde Produkt in unserem<br \/>\nEigentum.<br \/>\n\u00a7 5 Lieferzeit<br \/>\n1. Unsere Liefertermine sind ausschlie\u00dflich unverbindliche Angaben, soweit nicht<br \/>\nausdr\u00fccklich ein verbindlicher Liefertermin vereinbart wurde.<br \/>\n2. Die angegebene Lieferzeit beginnt, wenn der Besteller seine Verpflichtungen<br \/>\nrechtzeitig und ordnungsgem\u00e4\u00df erf\u00fcllt. Die Einrede des nicht erf\u00fcllten Vertrages bleibt<br \/>\nvorbehalten.<br \/>\n3. Die Lieferung erfolgt an die vereinbarte\/angegebene Lieferadresse.<br \/>\n\u00a7 6 Gew\u00e4hrleistung und M\u00e4ngelr\u00fcge<br \/>\n1. Konstruktions- oder Form\u00e4nderungen, Abweichungen im Farbton sowie<br \/>\nAbweichungen von der Vorlage bleiben w\u00e4hrend der Laufzeit vorbehalten, sofern die<br \/>\n\u00c4nderungen oder Abweichungen unter Ber\u00fccksichtigung der Interessen des<br \/>\nVerk\u00e4ufers f\u00fcr den K\u00e4ufer zumutbar sind.<br \/>\n2. Die Gefahr des zuf\u00e4lligen Untergangs des bestellten Gegenstands bzw. des<br \/>\ngekauften Gegenstands geht mit Ablieferung des Gegenstandes auf den Besteller<br \/>\n\u00fcber.<br \/>\n3. Entspricht der gelieferte Gegenstand nicht die zwischen Besteller und uns vereinbarte<br \/>\nBeschaffenheit oder eignet er sich nicht f\u00fcr die nach unserem Vertrag vorausgesetzte<br \/>\noder gew\u00f6hnliche Verwendung, sind wir zur Nacherf\u00fcllung verpflichtet, sofern wir<br \/>\nnicht aufgrund einer gesetzlichen Regelung zur Verweigerung der Nacherf\u00fcllung<br \/>\nberechtigt sind.<br \/>\n4. Der Besteller kann die Art der Nacherf\u00fcllung (Ersatzlieferung oder Nachlieferung)<br \/>\nw\u00e4hlen. Ist die gew\u00e4hlte Art der Nacherf\u00fcllung nur mit unverh\u00e4ltnism\u00e4\u00dfig hohen<br \/>\nKosten m\u00f6glich und ist die andere Art der Nacherf\u00fcllung ohne erheblichen Nachteil<br \/>\nf\u00fcr den Besteller, k\u00f6nnen wir die gew\u00e4hlte Art der Nacherf\u00fcllung verweigern. Die<br \/>\nNacherf\u00fcllung gilt mit dem zweiten Versuch als fehlgeschlagen, wenn sich nicht<br \/>\ninsbesondere aus der Art der Sache oder des Mangels oder den sonstigen<br \/>\nUmst\u00e4nden etwas anderes ergibt. Der Besteller kann nach Fehlschlag oder<br \/>\nVerweigerung der Nacherf\u00fcllung nach seiner Wahl die Herabsetzung des<br \/>\nKaufpreises\/Herstellungspreises (Minderung) verlangen oder den R\u00fccktritt vom<br \/>\nVertrag erkl\u00e4ren.<br \/>\n5. Die Gew\u00e4hrleistungsfrist betr\u00e4gt 2 Jahr ab Lieferung des Gegenstandes.<br \/>\n\u00a7 7 Haftungsbeschr\u00e4nkung<br \/>\nWir haften lediglich f\u00fcr entstandene Sch\u00e4den, die auf einer Verletzung einer<br \/>\nwesentlichen Vertragspflicht oder auf einem vors\u00e4tzlichen oder grob f\u00e4hrl\u00e4ssigen<br \/>\nVerhalten durch uns, unserer gesetzlichen Vertreter oder Erf\u00fcllungsgehilfen beruht.<br \/>\nBei einer leicht fahrl\u00e4ssigen Verletzung einer wesentlichen Vertragspflicht, ist unsere<br \/>\nHaftung auf den vorhersehbaren vertragstypischen Schaden begrenzt. Eine<br \/>\nwesentliche Vertragspflicht sind Pflichten, die die ordnungsgem\u00e4\u00dfe Durchf\u00fchrung des<br \/>\nVertrages erst erm\u00f6glichen und auf deren Einhaltung und Erf\u00fcllung der Besteller<br \/>\nvertraut hat und vertrauen durfte.<br \/>\nEine weitergehende Haftung auf Schadensersatz ist ausgeschlossen. Davon<br \/>\nunber\u00fchrt bleibt die Haftung wegen schuldhafter Verletzung von Leben, K\u00f6rper oder<br \/>\nGesundheit nach den gesetzlichen Bestimmungen sowie die zwingende Haftung nach<br \/>\ndem Produkthaftungsgesetz.<br \/>\n\u00a7 8 Anwendbares Recht<br \/>\nDie Rechtsbeziehung der Parteien unterliegt dem Recht der Bundesrepublik<br \/>\nDeutschland unter Ausschluss des UN-Kaufrechts (CISG).<br \/>\nWiderrufs- und R\u00fcckgaberecht<br \/>\nWiderrufsbelehrung<br \/>\nWiderrufsrecht<br \/>\nSie k\u00f6nnen Ihre Vertragserkl\u00e4rung innerhalb von 14 Tagen ohne Angabe von Gr\u00fcnden in<br \/>\nTextform (z.B. Brief, Fax, E-Mail) oder \u2013 wenn Ihnen die Sache vor Fristablauf \u00fcberlassen<br \/>\nwird \u2013 auch durch R\u00fccksendung der Sache widerrufen. Die Frist beginnt nach Erhalt dieser<br \/>\nBelehrung in Textform, jedoch nicht vor Eingang der Ware beim Empf\u00e4nger (bei der<br \/>\nwiederkehrenden Lieferung gleichartiger Waren nicht vor Eingang der ersten Teillieferung)<br \/>\nund auch nicht vor Erf\u00fcllung unserer Informationspflichten gem\u00e4\u00df Artikel 246 \u00a7 2 in<br \/>\nVerbindung mit \u00a7 1 Absatz 1 und 2 EGBGB. Zur Wahrung der Widerrufsfrist gen\u00fcgt die<br \/>\nrechtzeitige Absendung des Widerrufs oder der Sache. Der Widerruf ist zu richten an: Name,<br \/>\nAnschrift, Faxnummer, E-Mail-Adresse<br \/>\nWiderrufsfolgen<br \/>\nIm Falle eines wirksamen Widerrufs sind die beiderseits empfangenen Leistungen<br \/>\nzur\u00fcckzugew\u00e4hren und ggf. gezogene Nutzungen (z.B. Zinsen) herauszugeben. K\u00f6nnen Sie<br \/>\nuns die empfangene Leistung sowie Nutzungen (z.B. Gebrauchsvorteile) nicht oder teilweise<br \/>\nnicht oder nur in verschlechtertem Zustand zur\u00fcckgew\u00e4hren beziehungsweise herausgeben,<br \/>\nm\u00fcssen Sie uns insoweit Wertersatz leisten. F\u00fcr die Verschlechterung der Sache und f\u00fcr<br \/>\ngezogene Nutzungen m\u00fcssen Sie Wertersatz nur leisten, soweit die Nutzungen oder die<br \/>\nVerschlechterung auf einen Umgang mit der Sache zur\u00fcckzuf\u00fchren ist, der \u00fcber die Pr\u00fcfung<br \/>\nder Eigenschaften und Funktionsweise hinausgeht. Unter \u201ePr\u00fcfung der Eigenschaften und<br \/>\nder Funktionsweise\u201c versteht man das Testen und Ausprobieren der jeweiligen Ware, wie es<br \/>\netwa im Ladengesch\u00e4ft m\u00f6glich und \u00fcblich ist. Sie haben die regelm\u00e4\u00dfigen Kosten der R\u00fccksendung zu tragen.<br \/>\nVerpflichtungen zur Erstattung von Zahlungen m\u00fcssen innerhalb von 14 Tagen<br \/>\nerf\u00fcllt werden. Die Frist beginnt f\u00fcr Sie mit der Absendung Ihrer Widerrufserkl\u00e4rung oder der<br \/>\nSache, f\u00fcr uns mit deren Empfang.<\/p>\n<p>R\u00fccksendung nur komplett in unbesch\u00e4digter und einwandfreier Originalverpackung!<\/p>\n<\/div>\n<\/div><\/div><\/div><style type=\"text\/css\">.fusion-body .fusion-builder-column-0{width:100% !important;margin-top : 0px;margin-bottom : 20px;}.fusion-builder-column-0 > .fusion-column-wrapper {padding-top : 0px !important;padding-right : 0px !important;margin-right : 1.92%;padding-bottom : 0px !important;padding-left : 0px !important;margin-left : 1.92%;}@media only screen and (max-width:1100px) {.fusion-body .fusion-builder-column-0{width:100% !important;order : 0;}.fusion-builder-column-0 > .fusion-column-wrapper {margin-right : 1.92%;margin-left : 1.92%;}}@media only screen and (max-width:620px) {.fusion-body .fusion-builder-column-0{width:100% !important;order : 0;}.fusion-builder-column-0 > .fusion-column-wrapper {margin-right : 1.92%;margin-left : 1.92%;}}<\/style><\/div><style type=\"text\/css\">.fusion-body .fusion-flex-container.fusion-builder-row-1{ padding-top : 0px;margin-top : 0px;padding-right : 0px;padding-bottom : 0px;margin-bottom : 0px;padding-left : 0px;}<\/style><\/div>\n","protected":false},"excerpt":{"rendered":"","protected":false},"author":1,"featured_media":0,"parent":0,"menu_order":0,"comment_status":"closed","ping_status":"closed","template":"","meta":[],"_links":{"self":[{"href":"https:\/\/rehturn-to-paradise.de\/index.php\/wp-json\/wp\/v2\/pages\/15"}],"collection":[{"href":"https:\/\/rehturn-to-paradise.de\/index.php\/wp-json\/wp\/v2\/pages"}],"about":[{"href":"https:\/\/rehturn-to-paradise.de\/index.php\/wp-json\/wp\/v2\/types\/page"}],"author":[{"embeddable":true,"href":"https:\/\/rehturn-to-paradise.de\/index.php\/wp-json\/wp\/v2\/users\/1"}],"replies":[{"embeddable":true,"href":"https:\/\/rehturn-to-paradise.de\/index.php\/wp-json\/wp\/v2\/comments?post=15"}],"version-history":[{"count":3,"href":"https:\/\/rehturn-to-paradise.de\/index.php\/wp-json\/wp\/v2\/pages\/15\/revisions"}],"predecessor-version":[{"id":1482,"href":"https:\/\/rehturn-to-paradise.de\/index.php\/wp-json\/wp\/v2\/pages\/15\/revisions\/1482"}],"wp:attachment":[{"href":"https:\/\/rehturn-to-paradise.de\/index.php\/wp-json\/wp\/v2\/media?parent=15"}],"curies":[{"name":"wp","href":"https:\/\/api.w.org\/{rel}","templated":true}]}}